{"id":1047,"date":"2020-07-14T18:30:59","date_gmt":"2020-07-14T17:30:59","guid":{"rendered":"https:\/\/www.goutumsud.nl\/site\/?page_id=1047"},"modified":"2020-12-01T21:34:28","modified_gmt":"2020-12-01T20:34:28","slug":"wijkkrant","status":"publish","type":"page","link":"https:\/\/www.goutumsud.nl\/site\/wijkkrant\/","title":{"rendered":"Wijkkrant"},"content":{"rendered":"\n<p class=\"has-text-color\" style=\"color:#1f4887\">Vlak voor de kerstvakantie ontvangen alle bewoners de eerste editie van Wijkkrant Goutum-S\u00fad. De krant verschijnt \u00e9\u00e9n keer per jaar. <\/p>\n\n\n\n<p><\/p>\n","protected":false},"excerpt":{"rendered":"<p>Vlak voor de kerstvakantie ontvangen alle bewoners de eerste editie van Wijkkrant Goutum-S\u00fad. De krant verschijnt \u00e9\u00e9n keer per jaar.<\/p>\n","protected":false},"author":1,"featured_media":0,"parent":0,"menu_order":0,"comment_status":"closed","ping_status":"closed","template":"","meta":[],"_links":{"self":[{"href":"https:\/\/www.goutumsud.nl\/site\/wp-json\/wp\/v2\/pages\/1047"}],"collection":[{"href":"https:\/\/www.goutumsud.nl\/site\/wp-json\/wp\/v2\/pages"}],"about":[{"href":"https:\/\/www.goutumsud.nl\/site\/wp-json\/wp\/v2\/types\/page"}],"author":[{"embeddable":true,"href":"https:\/\/www.goutumsud.nl\/site\/wp-json\/wp\/v2\/users\/1"}],"replies":[{"embeddable":true,"href":"https:\/\/www.goutumsud.nl\/site\/wp-json\/wp\/v2\/comments?post=1047"}],"version-history":[{"count":2,"href":"https:\/\/www.goutumsud.nl\/site\/wp-json\/wp\/v2\/pages\/1047\/revisions"}],"predecessor-version":[{"id":1373,"href":"https:\/\/www.goutumsud.nl\/site\/wp-json\/wp\/v2\/pages\/1047\/revisions\/1373"}],"wp:attachment":[{"href":"https:\/\/www.goutumsud.nl\/site\/wp-json\/wp\/v2\/media?parent=1047"}],"curies":[{"name":"wp","href":"https:\/\/api.w.org\/{rel}","templated":true}]}}